{"id":208,"date":"2021-04-12T14:21:56","date_gmt":"2021-04-12T12:21:56","guid":{"rendered":"https:\/\/www.fjosen.no\/?page_id=208"},"modified":"2021-12-17T15:13:36","modified_gmt":"2021-12-17T14:13:36","slug":"information","status":"publish","type":"page","link":"https:\/\/www.fjosen.no\/de\/information\/","title":{"rendered":"Information"},"content":{"rendered":"\n<h2 class=\"wp-block-heading\">Annehmlichkeiten<\/h2>\n\n\n\n<p>Die Wohnung im Erdgeschoss ist teilweise im alten Stil gehalten, mit urspr\u00fcnglichen Geb\u00e4lk; Wohnzimmer, K\u00fcche mit Geschirrsp\u00fcler, Bad und Flur mit warmen Fliesenb\u00f6den, Dusche und Waschmaschine, drei Schlafnischen mit Doppelbetten (bis zu 6 Personen). Die Wohnung im ersten Stock in neuerem Stil hat die gleichen Annehmlichkeiten wie die im Erdgeschoss.<\/p>\n\n\n\n<p>Ausserdem bieten wir; kostenlose Parkpl\u00e4tze, Wifi-Zugang, Shuttle zwischen Fj\u00f8sen und Flughafen kann f\u00fcr 500,- NOK vereinbart werden. Die Wohnungen bieten bezogene Betten, Handt\u00fccher und Seife, F\u00f6hn, Toilettenpapier, Waschmittel, Backofen, Wasserkocher, Kaffemaschine mit Filer. Nichtraucher. Keine Haustiere.<\/p>\n\n\n\n<h2 class=\"wp-block-heading\">Bedingungen<\/h2>\n\n\n\n<p>Check-in ab 16 Uhr, Check-out bis 10 Uhr.<\/p>\n\n\n\n<p>Vorkasse auf Konto: 1206.31.35885, f\u00fcnf Wochen vor Anreise.<br>Bank: DNB Bank ASA<br>Address: Postboks 1600 Sentrum, N-0021 Oslo<br>BIC\/SWIFT: DNBANOKKXXX IBAN: NO42 1206 3135 885<\/p>\n\n\n\n<h2 class=\"wp-block-heading\">Bedingungen<\/h2>\n\n\n\n<p>Die Stornierung muss schriftlig erfolgen. Erstattung: 50% bei Stornierung mindestens 15 Tage vor Anreise. Keine Erstattung bei Stornierung 14 Tage oder weniger vor Anreise.<\/p>\n\n\n\n<h2 class=\"wp-block-heading\">Unser Partner<\/h2>\n\n\n\n<p>Troms\u00f8 Mountain Guides: <a rel=\"noreferrer noopener\" href=\"https:\/\/tromsomountainguides.com\/en-gb\/\" data-type=\"URL\" data-id=\"https:\/\/tromsomountainguides.com\/en-gb\/\" target=\"_blank\">https:\/\/tromsomountainguides.com\/<\/a><\/p>\n\n\n\n<h2 class=\"wp-block-heading\">Transport<\/h2>\n\n\n\n<p>Abhol- und Bringservice zum Flughafen Troms\u00f8 f\u00fcr 1-5 Personen: 500 NOK, muss reserviert werden. Zeitplan f\u00fcr Busverbindung von und nach Troms\u00f8 finden Sie hier:&nbsp;<a href=\"http:\/\/bussrute.com\/bussruter\/tromso\/\" target=\"_blank\" rel=\"noreferrer noopener\">http:\/\/bussrute.com\/bussruter\/tromso\/<\/a><\/p>\n","protected":false},"excerpt":{"rendered":"<p>Annehmlichkeiten Die Wohnung im Erdgeschoss ist teilweise im alten Stil gehalten, mit urspr\u00fcnglichen Geb\u00e4lk; Wohnzimmer, K\u00fcche mit Geschirrsp\u00fcler, Bad und Flur mit warmen Fliesenb\u00f6den, Dusche und Waschmaschine, drei Schlafnischen mit Doppelbetten (bis zu 6 Personen). Die Wohnung im ersten Stock in neuerem Stil hat die gleichen Annehmlichkeiten wie die im Erdgeschoss. Ausserdem bieten wir; kostenlose&hellip; <a class=\"more-link\" href=\"https:\/\/www.fjosen.no\/de\/information\/\"><span class=\"screen-reader-text\">Information<\/span> weiterlesen<\/a><\/p>\n","protected":false},"author":1,"featured_media":0,"parent":0,"menu_order":0,"comment_status":"closed","ping_status":"closed","template":"","meta":{"footnotes":""},"class_list":["post-208","page","type-page","status-publish","hentry","entry"],"_links":{"self":[{"href":"https:\/\/www.fjosen.no\/de\/wp-json\/wp\/v2\/pages\/208","targetHints":{"allow":["GET"]}}],"collection":[{"href":"https:\/\/www.fjosen.no\/de\/wp-json\/wp\/v2\/pages"}],"about":[{"href":"https:\/\/www.fjosen.no\/de\/wp-json\/wp\/v2\/types\/page"}],"author":[{"embeddable":true,"href":"https:\/\/www.fjosen.no\/de\/wp-json\/wp\/v2\/users\/1"}],"replies":[{"embeddable":true,"href":"https:\/\/www.fjosen.no\/de\/wp-json\/wp\/v2\/comments?post=208"}],"version-history":[{"count":3,"href":"https:\/\/www.fjosen.no\/de\/wp-json\/wp\/v2\/pages\/208\/revisions"}],"predecessor-version":[{"id":649,"href":"https:\/\/www.fjosen.no\/de\/wp-json\/wp\/v2\/pages\/208\/revisions\/649"}],"wp:attachment":[{"href":"https:\/\/www.fjosen.no\/de\/wp-json\/wp\/v2\/media?parent=208"}],"curies":[{"name":"wp","href":"https:\/\/api.w.org\/{rel}","templated":true}]}}