{"id":237,"date":"2021-04-12T15:03:23","date_gmt":"2021-04-12T13:03:23","guid":{"rendered":"https:\/\/www.fjosen.no\/?page_id=237"},"modified":"2021-04-13T12:18:12","modified_gmt":"2021-04-13T10:18:12","slug":"wohnungen","status":"publish","type":"page","link":"https:\/\/www.fjosen.no\/de\/wohnungen\/","title":{"rendered":"Wohnungen"},"content":{"rendered":"\n<h2 class=\"entitled wp-block-heading\">Erdgeschoss<\/h2>\n\n\n\n<p>Die Wohnung ist teilweise im alten Stil gehalten mit den urspr\u00fcnglichen Geb\u00e4lk. Wohnzimmer, K\u00fcche mit Geschirrsp\u00fcler, Bad und Flur mit warmen Fliesenb\u00f6den, Dusche und Waschmaschine, drei Schlafnischen mit Doppelbetten (bis zu 6 Personen). Die Wohnung bietet bezogene Betten, Handt\u00fccher und Seife, F\u00f6hn, Toilettenpapier, Waschmittel, Backofen, Wasserkocher, Kaffeemaschine mit Filter. Nichtraucher. Keine Haustiere.<\/p>\n\n\n\n<figure class=\"wp-block-gallery alignwide columns-3 is-cropped wp-block-gallery-1 is-layout-flex wp-block-gallery-is-layout-flex\"><ul class=\"blocks-gallery-grid\"><li class=\"blocks-gallery-item\"><figure><a href=\"https:\/\/www.fjosen.no\/wp-content\/uploads\/2021\/04\/bilde1.jpg\"><img decoding=\"async\" width=\"1024\" height=\"579\" src=\"https:\/\/www.fjosen.no\/wp-content\/uploads\/2021\/04\/bilde1.jpg\" alt=\"\" data-id=\"173\" data-link=\"https:\/\/www.fjosen.no\/bilde1\/\" class=\"wp-image-405\" srcset=\"https:\/\/www.fjosen.no\/wp-content\/uploads\/2021\/04\/bilde1.jpg 1024w, https:\/\/www.fjosen.no\/wp-content\/uploads\/2021\/04\/bilde1-400x226.jpg 400w, https:\/\/www.fjosen.no\/wp-content\/uploads\/2021\/04\/bilde1-768x434.jpg 768w\" sizes=\"(max-width: 1024px) 100vw, 1024px\" \/><\/a><\/figure><\/li><li class=\"blocks-gallery-item\"><figure><a href=\"https:\/\/www.fjosen.no\/wp-content\/uploads\/2021\/04\/bilde3.jpg\"><img decoding=\"async\" width=\"1024\" height=\"579\" src=\"https:\/\/www.fjosen.no\/wp-content\/uploads\/2021\/04\/bilde3.jpg\" alt=\"\" data-id=\"175\" data-link=\"https:\/\/www.fjosen.no\/bilde3\/\" class=\"wp-image-409\" srcset=\"https:\/\/www.fjosen.no\/wp-content\/uploads\/2021\/04\/bilde3.jpg 1024w, https:\/\/www.fjosen.no\/wp-content\/uploads\/2021\/04\/bilde3-400x226.jpg 400w, https:\/\/www.fjosen.no\/wp-content\/uploads\/2021\/04\/bilde3-768x434.jpg 768w\" sizes=\"(max-width: 1024px) 100vw, 1024px\" \/><\/a><\/figure><\/li><li class=\"blocks-gallery-item\"><figure><a href=\"https:\/\/www.fjosen.no\/wp-content\/uploads\/2021\/04\/bilde2.jpg\"><img decoding=\"async\" width=\"1024\" height=\"579\" src=\"https:\/\/www.fjosen.no\/wp-content\/uploads\/2021\/04\/bilde2.jpg\" alt=\"\" data-id=\"174\" data-link=\"https:\/\/www.fjosen.no\/bilde2\/\" class=\"wp-image-407\" srcset=\"https:\/\/www.fjosen.no\/wp-content\/uploads\/2021\/04\/bilde2.jpg 1024w, https:\/\/www.fjosen.no\/wp-content\/uploads\/2021\/04\/bilde2-400x226.jpg 400w, https:\/\/www.fjosen.no\/wp-content\/uploads\/2021\/04\/bilde2-768x434.jpg 768w\" sizes=\"(max-width: 1024px) 100vw, 1024px\" \/><\/a><\/figure><\/li><li class=\"blocks-gallery-item\"><figure><a href=\"https:\/\/www.fjosen.no\/wp-content\/uploads\/2021\/04\/1etg1.jpg\"><img decoding=\"async\" width=\"1024\" height=\"640\" src=\"https:\/\/www.fjosen.no\/wp-content\/uploads\/2021\/04\/1etg1.jpg\" alt=\"\" data-id=\"179\" data-link=\"https:\/\/www.fjosen.no\/1etg1\/\" class=\"wp-image-417\" srcset=\"https:\/\/www.fjosen.no\/wp-content\/uploads\/2021\/04\/1etg1.jpg 1024w, https:\/\/www.fjosen.no\/wp-content\/uploads\/2021\/04\/1etg1-400x250.jpg 400w, https:\/\/www.fjosen.no\/wp-content\/uploads\/2021\/04\/1etg1-768x480.jpg 768w\" sizes=\"(max-width: 1024px) 100vw, 1024px\" \/><\/a><\/figure><\/li><li class=\"blocks-gallery-item\"><figure><a href=\"https:\/\/www.fjosen.no\/wp-content\/uploads\/2021\/04\/1etg2.jpg\"><img decoding=\"async\" width=\"1024\" height=\"640\" src=\"https:\/\/www.fjosen.no\/wp-content\/uploads\/2021\/04\/1etg2.jpg\" alt=\"\" data-id=\"180\" data-link=\"https:\/\/www.fjosen.no\/1etg2\/\" class=\"wp-image-419\" srcset=\"https:\/\/www.fjosen.no\/wp-content\/uploads\/2021\/04\/1etg2.jpg 1024w, https:\/\/www.fjosen.no\/wp-content\/uploads\/2021\/04\/1etg2-400x250.jpg 400w, https:\/\/www.fjosen.no\/wp-content\/uploads\/2021\/04\/1etg2-768x480.jpg 768w\" sizes=\"(max-width: 1024px) 100vw, 1024px\" \/><\/a><\/figure><\/li><li class=\"blocks-gallery-item\"><figure><a href=\"https:\/\/www.fjosen.no\/wp-content\/uploads\/2021\/04\/BGH_2809-1024x685.jpg\"><img decoding=\"async\" width=\"1024\" height=\"685\" src=\"https:\/\/www.fjosen.no\/wp-content\/uploads\/2021\/04\/BGH_2809-1024x685.jpg\" alt=\"\" data-id=\"169\" data-link=\"https:\/\/www.fjosen.no\/bgh_2809\/\" class=\"wp-image-169\" srcset=\"https:\/\/www.fjosen.no\/wp-content\/uploads\/2021\/04\/BGH_2809-1024x685.jpg 1024w, https:\/\/www.fjosen.no\/wp-content\/uploads\/2021\/04\/BGH_2809-400x268.jpg 400w, https:\/\/www.fjosen.no\/wp-content\/uploads\/2021\/04\/BGH_2809-768x514.jpg 768w, https:\/\/www.fjosen.no\/wp-content\/uploads\/2021\/04\/BGH_2809.jpg 1276w\" sizes=\"(max-width: 1024px) 100vw, 1024px\" \/><\/a><\/figure><\/li><li class=\"blocks-gallery-item\"><figure><a href=\"https:\/\/www.fjosen.no\/wp-content\/uploads\/2021\/04\/BGH_2811-1.jpg\"><img decoding=\"async\" width=\"1024\" height=\"679\" src=\"https:\/\/www.fjosen.no\/wp-content\/uploads\/2021\/04\/BGH_2811-1-1024x679.jpg\" alt=\"\" data-id=\"226\" data-full-url=\"https:\/\/www.fjosen.no\/wp-content\/uploads\/2021\/04\/BGH_2811-1.jpg\" data-link=\"https:\/\/www.fjosen.no\/leilighetene\/bgh_2811-1\/\" class=\"wp-image-226\" srcset=\"https:\/\/www.fjosen.no\/wp-content\/uploads\/2021\/04\/BGH_2811-1-1024x679.jpg 1024w, https:\/\/www.fjosen.no\/wp-content\/uploads\/2021\/04\/BGH_2811-1-400x265.jpg 400w, https:\/\/www.fjosen.no\/wp-content\/uploads\/2021\/04\/BGH_2811-1-768x509.jpg 768w, https:\/\/www.fjosen.no\/wp-content\/uploads\/2021\/04\/BGH_2811-1.jpg 1276w\" sizes=\"(max-width: 1024px) 100vw, 1024px\" \/><\/a><\/figure><\/li><li class=\"blocks-gallery-item\"><figure><a href=\"https:\/\/www.fjosen.no\/wp-content\/uploads\/2021\/04\/bad2etg.jpg\"><img decoding=\"async\" width=\"1024\" height=\"640\" src=\"https:\/\/www.fjosen.no\/wp-content\/uploads\/2021\/04\/bad2etg.jpg\" alt=\"\" data-id=\"159\" data-link=\"https:\/\/www.fjosen.no\/bad2etg\/\" class=\"wp-image-377\" srcset=\"https:\/\/www.fjosen.no\/wp-content\/uploads\/2021\/04\/bad2etg.jpg 1024w, https:\/\/www.fjosen.no\/wp-content\/uploads\/2021\/04\/bad2etg-400x250.jpg 400w, https:\/\/www.fjosen.no\/wp-content\/uploads\/2021\/04\/bad2etg-768x480.jpg 768w\" sizes=\"(max-width: 1024px) 100vw, 1024px\" \/><\/a><\/figure><\/li><li class=\"blocks-gallery-item\"><figure><a href=\"https:\/\/www.fjosen.no\/wp-content\/uploads\/2021\/04\/bild4-1.jpg\"><img decoding=\"async\" width=\"1024\" height=\"579\" src=\"https:\/\/www.fjosen.no\/wp-content\/uploads\/2021\/04\/bild4-1.jpg\" alt=\"\" data-id=\"222\" data-link=\"https:\/\/www.fjosen.no\/leilighetene\/bild4-2\/\" class=\"wp-image-224\" srcset=\"https:\/\/www.fjosen.no\/wp-content\/uploads\/2021\/04\/bild4-1.jpg 1024w, https:\/\/www.fjosen.no\/wp-content\/uploads\/2021\/04\/bild4-1-300x170.jpg 300w, https:\/\/www.fjosen.no\/wp-content\/uploads\/2021\/04\/bild4-1-768x434.jpg 768w\" sizes=\"(max-width: 1024px) 100vw, 1024px\" \/><\/a><\/figure><\/li><li class=\"blocks-gallery-item\"><figure><a href=\"https:\/\/www.fjosen.no\/wp-content\/uploads\/2021\/04\/utebilde.jpg\"><img decoding=\"async\" width=\"1024\" height=\"640\" src=\"https:\/\/www.fjosen.no\/wp-content\/uploads\/2021\/04\/utebilde.jpg\" alt=\"\" data-id=\"218\" data-link=\"https:\/\/www.fjosen.no\/leilighetene\/utebilde\/\" class=\"wp-image-220\" srcset=\"https:\/\/www.fjosen.no\/wp-content\/uploads\/2021\/04\/utebilde.jpg 1024w, https:\/\/www.fjosen.no\/wp-content\/uploads\/2021\/04\/utebilde-300x188.jpg 300w, https:\/\/www.fjosen.no\/wp-content\/uploads\/2021\/04\/utebilde-768x480.jpg 768w\" sizes=\"(max-width: 1024px) 100vw, 1024px\" \/><\/a><\/figure><\/li><\/ul><\/figure>\n\n\n\n<h2 class=\"entitled wp-block-heading\">Erster Stock<br><\/h2>\n\n\n\n<p>Die Wohnung ist im neuerem Stil gehalten. Wohnzimmer, K\u00fcche mit Geschirrsp\u00fcler, Bad und Flur mit warmen Fliesenb\u00f6den, Dusche und Waschmaschine, drei Schlafnischen mit Doppelbetten (bis zu 6 Personen). Die Wohnung bietet bezogene Betten, Handt\u00fccher und Seife, F\u00f6hn, Toilettenpapier, Waschmittel, Backofen, Wasserkocher, Kaffemaschine mit Filter. Nichtraucher. Keine Haustiere.<\/p>\n\n\n\n<figure class=\"wp-block-gallery alignwide columns-3 is-cropped wp-block-gallery-2 is-layout-flex wp-block-gallery-is-layout-flex\"><ul class=\"blocks-gallery-grid\"><li class=\"blocks-gallery-item\"><figure><a href=\"https:\/\/www.fjosen.no\/wp-content\/uploads\/2021\/04\/BGH_2763.jpg\"><img decoding=\"async\" width=\"1024\" height=\"693\" src=\"https:\/\/www.fjosen.no\/wp-content\/uploads\/2021\/04\/BGH_2763-1024x693.jpg\" alt=\"\" data-id=\"160\" data-full-url=\"https:\/\/www.fjosen.no\/wp-content\/uploads\/2021\/04\/BGH_2763.jpg\" data-link=\"https:\/\/www.fjosen.no\/bgh_2763\/\" class=\"wp-image-160\" srcset=\"https:\/\/www.fjosen.no\/wp-content\/uploads\/2021\/04\/BGH_2763-1024x693.jpg 1024w, https:\/\/www.fjosen.no\/wp-content\/uploads\/2021\/04\/BGH_2763-400x271.jpg 400w, https:\/\/www.fjosen.no\/wp-content\/uploads\/2021\/04\/BGH_2763-768x519.jpg 768w, https:\/\/www.fjosen.no\/wp-content\/uploads\/2021\/04\/BGH_2763.jpg 1276w\" sizes=\"(max-width: 1024px) 100vw, 1024px\" \/><\/a><\/figure><\/li><li class=\"blocks-gallery-item\"><figure><a href=\"https:\/\/www.fjosen.no\/wp-content\/uploads\/2021\/04\/BGH_2779.jpg\"><img decoding=\"async\" width=\"1024\" height=\"746\" src=\"https:\/\/www.fjosen.no\/wp-content\/uploads\/2021\/04\/BGH_2779-1024x746.jpg\" alt=\"\" data-id=\"161\" data-full-url=\"https:\/\/www.fjosen.no\/wp-content\/uploads\/2021\/04\/BGH_2779.jpg\" data-link=\"https:\/\/www.fjosen.no\/bgh_2779\/\" class=\"wp-image-161\" srcset=\"https:\/\/www.fjosen.no\/wp-content\/uploads\/2021\/04\/BGH_2779-1024x746.jpg 1024w, https:\/\/www.fjosen.no\/wp-content\/uploads\/2021\/04\/BGH_2779-400x292.jpg 400w, https:\/\/www.fjosen.no\/wp-content\/uploads\/2021\/04\/BGH_2779-768x560.jpg 768w, https:\/\/www.fjosen.no\/wp-content\/uploads\/2021\/04\/BGH_2779.jpg 1276w\" sizes=\"(max-width: 1024px) 100vw, 1024px\" \/><\/a><\/figure><\/li><li class=\"blocks-gallery-item\"><figure><a href=\"https:\/\/www.fjosen.no\/wp-content\/uploads\/2021\/04\/BGH_2784.jpg\"><img decoding=\"async\" width=\"1024\" height=\"660\" src=\"https:\/\/www.fjosen.no\/wp-content\/uploads\/2021\/04\/BGH_2784-1024x660.jpg\" alt=\"\" data-id=\"163\" data-full-url=\"https:\/\/www.fjosen.no\/wp-content\/uploads\/2021\/04\/BGH_2784.jpg\" data-link=\"https:\/\/www.fjosen.no\/bgh_2784\/\" class=\"wp-image-163\" srcset=\"https:\/\/www.fjosen.no\/wp-content\/uploads\/2021\/04\/BGH_2784-1024x660.jpg 1024w, https:\/\/www.fjosen.no\/wp-content\/uploads\/2021\/04\/BGH_2784-400x258.jpg 400w, https:\/\/www.fjosen.no\/wp-content\/uploads\/2021\/04\/BGH_2784-768x495.jpg 768w, https:\/\/www.fjosen.no\/wp-content\/uploads\/2021\/04\/BGH_2784.jpg 1276w\" sizes=\"(max-width: 1024px) 100vw, 1024px\" \/><\/a><\/figure><\/li><li class=\"blocks-gallery-item\"><figure><a href=\"https:\/\/www.fjosen.no\/wp-content\/uploads\/2021\/04\/BGH_2788.jpg\"><img decoding=\"async\" width=\"1024\" height=\"725\" src=\"https:\/\/www.fjosen.no\/wp-content\/uploads\/2021\/04\/BGH_2788-1024x725.jpg\" alt=\"\" data-id=\"165\" data-full-url=\"https:\/\/www.fjosen.no\/wp-content\/uploads\/2021\/04\/BGH_2788.jpg\" data-link=\"https:\/\/www.fjosen.no\/bgh_2788\/\" class=\"wp-image-165\" srcset=\"https:\/\/www.fjosen.no\/wp-content\/uploads\/2021\/04\/BGH_2788-1024x725.jpg 1024w, https:\/\/www.fjosen.no\/wp-content\/uploads\/2021\/04\/BGH_2788-400x283.jpg 400w, https:\/\/www.fjosen.no\/wp-content\/uploads\/2021\/04\/BGH_2788-768x544.jpg 768w, https:\/\/www.fjosen.no\/wp-content\/uploads\/2021\/04\/BGH_2788.jpg 1276w\" sizes=\"(max-width: 1024px) 100vw, 1024px\" \/><\/a><\/figure><\/li><li class=\"blocks-gallery-item\"><figure><a href=\"https:\/\/www.fjosen.no\/wp-content\/uploads\/2021\/04\/bad2etg.jpg\"><img decoding=\"async\" width=\"1024\" height=\"640\" src=\"https:\/\/www.fjosen.no\/wp-content\/uploads\/2021\/04\/bad2etg.jpg\" alt=\"\" data-id=\"159\" data-full-url=\"https:\/\/www.fjosen.no\/wp-content\/uploads\/2021\/04\/bad2etg.jpg\" data-link=\"https:\/\/www.fjosen.no\/bad2etg\/\" class=\"wp-image-377\" srcset=\"https:\/\/www.fjosen.no\/wp-content\/uploads\/2021\/04\/bad2etg.jpg 1024w, https:\/\/www.fjosen.no\/wp-content\/uploads\/2021\/04\/bad2etg-400x250.jpg 400w, https:\/\/www.fjosen.no\/wp-content\/uploads\/2021\/04\/bad2etg-768x480.jpg 768w\" sizes=\"(max-width: 1024px) 100vw, 1024px\" \/><\/a><\/figure><\/li><li class=\"blocks-gallery-item\"><figure><a href=\"https:\/\/www.fjosen.no\/wp-content\/uploads\/2021\/04\/utebilde.jpg\"><img decoding=\"async\" width=\"1024\" height=\"640\" src=\"https:\/\/www.fjosen.no\/wp-content\/uploads\/2021\/04\/utebilde.jpg\" alt=\"\" data-id=\"218\" data-full-url=\"https:\/\/www.fjosen.no\/wp-content\/uploads\/2021\/04\/utebilde.jpg\" data-link=\"https:\/\/www.fjosen.no\/leilighetene\/utebilde\/\" class=\"wp-image-220\" srcset=\"https:\/\/www.fjosen.no\/wp-content\/uploads\/2021\/04\/utebilde.jpg 1024w, https:\/\/www.fjosen.no\/wp-content\/uploads\/2021\/04\/utebilde-300x188.jpg 300w, https:\/\/www.fjosen.no\/wp-content\/uploads\/2021\/04\/utebilde-768x480.jpg 768w\" sizes=\"(max-width: 1024px) 100vw, 1024px\" \/><\/a><\/figure><\/li><\/ul><\/figure>\n","protected":false},"excerpt":{"rendered":"<p>Erdgeschoss Die Wohnung ist teilweise im alten Stil gehalten mit den urspr\u00fcnglichen Geb\u00e4lk. Wohnzimmer, K\u00fcche mit Geschirrsp\u00fcler, Bad und Flur mit warmen Fliesenb\u00f6den, Dusche und Waschmaschine, drei Schlafnischen mit Doppelbetten (bis zu 6 Personen). Die Wohnung bietet bezogene Betten, Handt\u00fccher und Seife, F\u00f6hn, Toilettenpapier, Waschmittel, Backofen, Wasserkocher, Kaffeemaschine mit Filter. Nichtraucher. Keine Haustiere. Erster Stock&hellip; <a class=\"more-link\" href=\"https:\/\/www.fjosen.no\/de\/wohnungen\/\"><span class=\"screen-reader-text\">Wohnungen<\/span> weiterlesen<\/a><\/p>\n","protected":false},"author":1,"featured_media":0,"parent":0,"menu_order":0,"comment_status":"closed","ping_status":"closed","template":"","meta":{"footnotes":""},"class_list":["post-237","page","type-page","status-publish","hentry","entry"],"_links":{"self":[{"href":"https:\/\/www.fjosen.no\/de\/wp-json\/wp\/v2\/pages\/237","targetHints":{"allow":["GET"]}}],"collection":[{"href":"https:\/\/www.fjosen.no\/de\/wp-json\/wp\/v2\/pages"}],"about":[{"href":"https:\/\/www.fjosen.no\/de\/wp-json\/wp\/v2\/types\/page"}],"author":[{"embeddable":true,"href":"https:\/\/www.fjosen.no\/de\/wp-json\/wp\/v2\/users\/1"}],"replies":[{"embeddable":true,"href":"https:\/\/www.fjosen.no\/de\/wp-json\/wp\/v2\/comments?post=237"}],"version-history":[{"count":5,"href":"https:\/\/www.fjosen.no\/de\/wp-json\/wp\/v2\/pages\/237\/revisions"}],"predecessor-version":[{"id":451,"href":"https:\/\/www.fjosen.no\/de\/wp-json\/wp\/v2\/pages\/237\/revisions\/451"}],"wp:attachment":[{"href":"https:\/\/www.fjosen.no\/de\/wp-json\/wp\/v2\/media?parent=237"}],"curies":[{"name":"wp","href":"https:\/\/api.w.org\/{rel}","templated":true}]}}